{"id":65189,"date":"2024-07-15T11:04:00","date_gmt":"2024-07-15T08:04:00","guid":{"rendered":"https:\/\/drerolaltuntop.com\/our-aesthetic-treatments\/"},"modified":"2025-02-24T15:26:43","modified_gmt":"2025-02-24T12:26:43","slug":"our-aesthetic-treatments","status":"publish","type":"page","link":"https:\/\/drerolaltuntop.com\/en\/our-aesthetic-treatments\/","title":{"rendered":"Our Aesthetic Treatments"},"content":{"rendered":"\t\t<div data-elementor-type=\"wp-page\" data-elementor-id=\"65189\" class=\"elementor elementor-65189 elementor-63924\">\n\t\t\t\t\t\t<section class=\"elementor-section elementor-top-section elementor-element elementor-element-4c571a9 elementor-section-stretched elementor-section-boxed elementor-section-height-default elementor-section-height-default\" data-id=\"4c571a9\" data-element_type=\"section\" data-settings=\"{&quot;stretch_section&quot;:&quot;section-stretched&quot;}\">\n\t\t\t\t\t\t<div class=\"elementor-container elementor-column-gap-wide\">\n\t\t\t\t\t<div class=\"elementor-column elementor-col-100 elementor-top-column elementor-element elementor-element-1ee83a4f\" data-id=\"1ee83a4f\" data-element_type=\"column\">\n\t\t\t<div class=\"elementor-widget-wrap elementor-element-populated\">\n\t\t\t\t\t\t<div class=\"elementor-element elementor-element-55a02470 elementor-widget elementor-widget-ceaservice\" data-id=\"55a02470\" data-element_type=\"widget\" data-widget_type=\"ceaservice.default\">\n\t\t\t\t\n\t\t<div class=\"elementor-widget-container service-wrapper service-style-default service-light service-normal-model\">\n\t\t\n\t\t\t<div class=\"row\"><div class=\"col-lg-6 col-md-6\" ><div class=\"service-inner\"><div class=\"post-thumb\"><a href=\"https:\/\/drerolaltuntop.com\/en\/service\/plasma-pen-treatments\/\" class=\"post-image-link\"><img fetchpriority=\"high\" decoding=\"async\" width=\"768\" height=\"456\" src=\"https:\/\/drerolaltuntop.com\/wp-content\/uploads\/2025\/02\/Plazma-Pen-Cilt-ile-Genclestirme-1-768x456.jpg\" class=\"img-fluid squared attachment-medium size-medium\" alt=\"\" srcset=\"https:\/\/drerolaltuntop.com\/wp-content\/uploads\/2025\/02\/Plazma-Pen-Cilt-ile-Genclestirme-1-768x456.jpg 768w, https:\/\/drerolaltuntop.com\/wp-content\/uploads\/2025\/02\/Plazma-Pen-Cilt-ile-Genclestirme-1-1170x694.jpg 1170w\" sizes=\"(max-width: 768px) 100vw, 768px\" \/><\/a><\/div><!-- .post-thumb --><div class=\"entry-title\"><h4 class=\"post-title-head\"><a href=\"https:\/\/drerolaltuntop.com\/en\/service\/plasma-pen-treatments\/\" class=\"post-title\">Plasma Pen Treatments<\/a><\/h4><\/div><!-- .entry-title --><div class=\"post-excerpt\">Detailed Information About Plasma Pen Treatments The Plasma Pen is an aesthetic technology used for non-surgical skin rejuvenation and tightening...<\/div><!-- .post-excerpt --><div class=\"bottom-meta clearfix\"><ul class=\"nav bottom-meta-list meta-left\"><li><div class=\"post-more\"><a href=\"https:\/\/drerolaltuntop.com\/en\/service\/plasma-pen-treatments\/\" class=\"read-more elementor-button\">Read More<\/a><\/div><\/li><\/ul><\/div><\/div><!-- .service-inner --><\/div><!-- .col \/ .owl-carousel-item \/ .isotope --><div class=\"col-lg-6 col-md-6\" ><div class=\"service-inner\"><div class=\"post-thumb\"><a href=\"https:\/\/drerolaltuntop.com\/en\/service\/botox-application\/\" class=\"post-image-link\"><img decoding=\"async\" width=\"768\" height=\"456\" src=\"https:\/\/drerolaltuntop.com\/wp-content\/uploads\/2025\/11\/WhatsApp-Image-2025-11-02-at-20.54.58-768x456.jpeg\" class=\"img-fluid squared attachment-medium size-medium img-fluid squared attachment-medium size-medium\" alt=\"\" \/><\/a><\/div><!-- .post-thumb --><div class=\"entry-title\"><h4 class=\"post-title-head\"><a href=\"https:\/\/drerolaltuntop.com\/en\/service\/botox-application\/\" class=\"post-title\">Botox Application<\/a><\/h4><\/div><!-- .entry-title --><div class=\"post-excerpt\">Botox Application Botox (Botulinum Toxin) application is a minimally invasive aesthetic procedure used for the reduction of wrinkles, rejuvenation of..<\/div><!-- .post-excerpt --><div class=\"bottom-meta clearfix\"><ul class=\"nav bottom-meta-list meta-left\"><li><div class=\"post-more\"><a href=\"https:\/\/drerolaltuntop.com\/en\/service\/botox-application\/\" class=\"read-more elementor-button\">Read More<\/a><\/div><\/li><\/ul><\/div><\/div><!-- .service-inner --><\/div><!-- .col \/ .owl-carousel-item \/ .isotope --><\/div><!-- .row --><div class=\"row\"><div class=\"col-lg-6 col-md-6\" ><div class=\"service-inner\"><div class=\"post-thumb\"><a href=\"https:\/\/drerolaltuntop.com\/en\/service\/anti-aging-treatments\/\" class=\"post-image-link\"><img decoding=\"async\" width=\"768\" height=\"456\" src=\"https:\/\/drerolaltuntop.com\/wp-content\/uploads\/2024\/07\/antiaging-768x456.jpg\" class=\"img-fluid squared attachment-medium size-medium img-fluid squared attachment-medium size-medium img-fluid squared attachment-medium size-medium\" alt=\"\" \/><\/a><\/div><!-- .post-thumb --><div class=\"entry-title\"><h4 class=\"post-title-head\"><a href=\"https:\/\/drerolaltuntop.com\/en\/service\/anti-aging-treatments\/\" class=\"post-title\">Anti-Aging Treatments<\/a><\/h4><\/div><!-- .entry-title --><div class=\"post-excerpt\">Detailed Information About Anti-Aging Treatments Anti-aging treatments are a set of medical aesthetic procedures designed to delay signs of aging,..<\/div><!-- .post-excerpt --><div class=\"bottom-meta clearfix\"><ul class=\"nav bottom-meta-list meta-left\"><li><div class=\"post-more\"><a href=\"https:\/\/drerolaltuntop.com\/en\/service\/anti-aging-treatments\/\" class=\"read-more elementor-button\">Read More<\/a><\/div><\/li><\/ul><\/div><\/div><!-- .service-inner --><\/div><!-- .col \/ .owl-carousel-item \/ .isotope --><div class=\"col-lg-6 col-md-6\" ><div class=\"service-inner\"><div class=\"post-thumb\"><a href=\"https:\/\/drerolaltuntop.com\/en\/service\/skin-rejuvenation-treatments\/\" class=\"post-image-link\"><img loading=\"lazy\" decoding=\"async\" width=\"768\" height=\"456\" src=\"https:\/\/drerolaltuntop.com\/wp-content\/uploads\/2024\/07\/Cilt-Genclestirme-Tedavisi-Uygulamasi-768x456.png\" class=\"img-fluid squared attachment-medium size-medium img-fluid squared attachment-medium size-medium img-fluid squared attachment-medium size-medium img-fluid squared attachment-medium size-medium\" alt=\"\" \/><\/a><\/div><!-- .post-thumb --><div class=\"entry-title\"><h4 class=\"post-title-head\"><a href=\"https:\/\/drerolaltuntop.com\/en\/service\/skin-rejuvenation-treatments\/\" class=\"post-title\">Skin Rejuvenation Treatments<\/a><\/h4><\/div><!-- .entry-title --><div class=\"post-excerpt\">Detailed Information About Skin Rejuvenation Treatments Skin rejuvenation treatments are a set of medical aesthetic procedures designed to reduce signs..<\/div><!-- .post-excerpt --><div class=\"bottom-meta clearfix\"><ul class=\"nav bottom-meta-list meta-left\"><li><div class=\"post-more\"><a href=\"https:\/\/drerolaltuntop.com\/en\/service\/skin-rejuvenation-treatments\/\" class=\"read-more elementor-button\">Read More<\/a><\/div><\/li><\/ul><\/div><\/div><!-- .service-inner --><\/div><!-- .col \/ .owl-carousel-item \/ .isotope --><\/div><!-- .row --><div class=\"row\"><div class=\"col-lg-6 col-md-6\" ><div class=\"service-inner\"><div class=\"post-thumb\"><a href=\"https:\/\/drerolaltuntop.com\/en\/service\/filler-applications\/\" class=\"post-image-link\"><img loading=\"lazy\" decoding=\"async\" width=\"768\" height=\"456\" src=\"https:\/\/drerolaltuntop.com\/wp-content\/uploads\/2025\/11\/WhatsApp-Image-2025-11-02-at-20.54.33-768x456.jpeg\" class=\"img-fluid squared attachment-medium size-medium img-fluid squared attachment-medium size-medium img-fluid squared attachment-medium size-medium img-fluid squared attachment-medium size-medium img-fluid squared attachment-medium size-medium\" alt=\"\" srcset=\"https:\/\/drerolaltuntop.com\/wp-content\/uploads\/2025\/11\/WhatsApp-Image-2025-11-02-at-20.54.33-768x456.jpeg 768w, https:\/\/drerolaltuntop.com\/wp-content\/uploads\/2025\/11\/WhatsApp-Image-2025-11-02-at-20.54.33-1170x694.jpeg 1170w\" sizes=\"(max-width: 768px) 100vw, 768px\" \/><\/a><\/div><!-- .post-thumb --><div class=\"entry-title\"><h4 class=\"post-title-head\"><a href=\"https:\/\/drerolaltuntop.com\/en\/service\/filler-applications\/\" class=\"post-title\">Filler Applications<\/a><\/h4><\/div><!-- .entry-title --><div class=\"post-excerpt\">Detailed Information About Filler Applications Filler applications are aesthetic procedures performed to enhance facial contours, restore volume loss, fill wrinkles,..<\/div><!-- .post-excerpt --><div class=\"bottom-meta clearfix\"><ul class=\"nav bottom-meta-list meta-left\"><li><div class=\"post-more\"><a href=\"https:\/\/drerolaltuntop.com\/en\/service\/filler-applications\/\" class=\"read-more elementor-button\">Read More<\/a><\/div><\/li><\/ul><\/div><\/div><!-- .service-inner --><\/div><!-- .col \/ .owl-carousel-item \/ .isotope --><div class=\"col-lg-6 col-md-6\" ><div class=\"service-inner\"><div class=\"post-thumb\"><a href=\"https:\/\/drerolaltuntop.com\/en\/service\/thread-lift-non-surgical-face-lift\/\" class=\"post-image-link\"><img loading=\"lazy\" decoding=\"async\" width=\"768\" height=\"456\" src=\"https:\/\/drerolaltuntop.com\/wp-content\/uploads\/2024\/07\/ChatGPT-Image-6-Agu-2025-23_22_55-768x456.png\" class=\"img-fluid squared attachment-medium size-medium img-fluid squared attachment-medium size-medium img-fluid squared attachment-medium size-medium img-fluid squared attachment-medium size-medium img-fluid squared attachment-medium size-medium img-fluid squared attachment-medium size-medium\" alt=\"\" \/><\/a><\/div><!-- .post-thumb --><div class=\"entry-title\"><h4 class=\"post-title-head\"><a href=\"https:\/\/drerolaltuntop.com\/en\/service\/thread-lift-non-surgical-face-lift\/\" class=\"post-title\">Thread Lift: Non-Surgical Face Lift<\/a><\/h4><\/div><!-- .entry-title --><div class=\"post-excerpt\">Detailed Information About Thread Lift: Non-Surgical Face Lift Thread lift, also known as a non-surgical face lift, is a minimally..<\/div><!-- .post-excerpt --><div class=\"bottom-meta clearfix\"><ul class=\"nav bottom-meta-list meta-left\"><li><div class=\"post-more\"><a href=\"https:\/\/drerolaltuntop.com\/en\/service\/thread-lift-non-surgical-face-lift\/\" class=\"read-more elementor-button\">Read More<\/a><\/div><\/li><\/ul><\/div><\/div><!-- .service-inner --><\/div><!-- .col \/ .owl-carousel-item \/ .isotope --><\/div><!-- .row --><div class=\"row\"><div class=\"col-lg-6 col-md-6\" ><div class=\"service-inner\"><div class=\"post-thumb\"><a href=\"https:\/\/drerolaltuntop.com\/en\/service\/ozone-therapy-applications\/\" class=\"post-image-link\"><img loading=\"lazy\" decoding=\"async\" width=\"768\" height=\"456\" src=\"https:\/\/drerolaltuntop.com\/wp-content\/uploads\/2024\/07\/ozon-tedavisi-768x456.jpg\" class=\"img-fluid squared attachment-medium size-medium img-fluid squared attachment-medium size-medium img-fluid squared attachment-medium size-medium img-fluid squared attachment-medium size-medium img-fluid squared attachment-medium size-medium img-fluid squared attachment-medium size-medium img-fluid squared attachment-medium size-medium\" alt=\"\" \/><\/a><\/div><!-- .post-thumb --><div class=\"entry-title\"><h4 class=\"post-title-head\"><a href=\"https:\/\/drerolaltuntop.com\/en\/service\/ozone-therapy-applications\/\" class=\"post-title\">Ozone Therapy Applications<\/a><\/h4><\/div><!-- .entry-title --><div class=\"post-excerpt\">Detailed Information About Ozone Therapy Applications Ozone therapy is a natural treatment method in which medical ozone gas is applied..<\/div><!-- .post-excerpt --><div class=\"bottom-meta clearfix\"><ul class=\"nav bottom-meta-list meta-left\"><li><div class=\"post-more\"><a href=\"https:\/\/drerolaltuntop.com\/en\/service\/ozone-therapy-applications\/\" class=\"read-more elementor-button\">Read More<\/a><\/div><\/li><\/ul><\/div><\/div><!-- .service-inner --><\/div><!-- .col \/ .owl-carousel-item \/ .isotope --><\/div><!-- .row -->\t\t\t\n\t\t<\/div>\n\t\t\t\t<\/div>\n\t\t\t\t\t<\/div>\n\t\t<\/div>\n\t\t\t\t\t<\/div>\n\t\t<\/section>\n\t\t\t\t<\/div>\n\t\t","protected":false},"excerpt":{"rendered":"<p>Plazma Pen Uygulamalar\u0131 Plazma Pen Uygulamas\u0131 Hakk\u0131nda Detayl\u0131 Bilgi Plazma Pen, ameliyats\u0131z cilt gen\u00e7le\u015ftirme ve s\u0131k\u0131la\u015ft\u0131rma i\u015flemlerinde kullan\u0131lan, cildin \u00fcst..<\/p>\n","protected":false},"author":1,"featured_media":0,"parent":0,"menu_order":0,"comment_status":"closed","ping_status":"closed","template":"","meta":{"footnotes":""},"class_list":["post-65189","page","type-page","status-publish","hentry"],"_links":{"self":[{"href":"https:\/\/drerolaltuntop.com\/en\/wp-json\/wp\/v2\/pages\/65189","targetHints":{"allow":["GET"]}}],"collection":[{"href":"https:\/\/drerolaltuntop.com\/en\/wp-json\/wp\/v2\/pages"}],"about":[{"href":"https:\/\/drerolaltuntop.com\/en\/wp-json\/wp\/v2\/types\/page"}],"author":[{"embeddable":true,"href":"https:\/\/drerolaltuntop.com\/en\/wp-json\/wp\/v2\/users\/1"}],"replies":[{"embeddable":true,"href":"https:\/\/drerolaltuntop.com\/en\/wp-json\/wp\/v2\/comments?post=65189"}],"version-history":[{"count":1,"href":"https:\/\/drerolaltuntop.com\/en\/wp-json\/wp\/v2\/pages\/65189\/revisions"}],"predecessor-version":[{"id":65190,"href":"https:\/\/drerolaltuntop.com\/en\/wp-json\/wp\/v2\/pages\/65189\/revisions\/65190"}],"wp:attachment":[{"href":"https:\/\/drerolaltuntop.com\/en\/wp-json\/wp\/v2\/media?parent=65189"}],"curies":[{"name":"wp","href":"https:\/\/api.w.org\/{rel}","templated":true}]}}