{"id":65158,"date":"2024-07-15T10:54:00","date_gmt":"2024-07-15T07:54:00","guid":{"rendered":"https:\/\/drerolaltuntop.com\/ueber-uns\/"},"modified":"2025-02-24T10:31:05","modified_gmt":"2025-02-24T07:31:05","slug":"ueber-uns","status":"publish","type":"page","link":"https:\/\/drerolaltuntop.com\/de\/ueber-uns\/","title":{"rendered":"\u00dcber uns"},"content":{"rendered":"\t\t<div data-elementor-type=\"wp-page\" data-elementor-id=\"65158\" class=\"elementor elementor-65158 elementor-63896\">\n\t\t\t\t\t\t<section class=\"elementor-section elementor-top-section elementor-element elementor-element-3d45433d elementor-section-content-middle elementor-section-stretched elementor-section-boxed elementor-section-height-default elementor-section-height-default\" data-id=\"3d45433d\" data-element_type=\"section\" data-settings=\"{&quot;stretch_section&quot;:&quot;section-stretched&quot;,&quot;background_background&quot;:&quot;classic&quot;}\">\n\t\t\t\t\t\t<div class=\"elementor-container elementor-column-gap-extended\">\n\t\t\t\t\t<div class=\"elementor-column elementor-col-50 elementor-top-column elementor-element elementor-element-410b74f7\" data-id=\"410b74f7\" data-element_type=\"column\">\n\t\t\t<div class=\"elementor-widget-wrap elementor-element-populated\">\n\t\t\t\t\t\t<div class=\"elementor-element elementor-element-7a9b65f8 cea-align-left elementor-invisible elementor-widget elementor-widget-ceasectiontitle\" data-id=\"7a9b65f8\" data-element_type=\"widget\" data-settings=\"{&quot;_animation&quot;:&quot;fadeInUp&quot;}\" data-widget_type=\"ceasectiontitle.default\">\n\t\t\t\t<div class=\"elementor-widget-container\">\n\t\t\t\t\t<div class=\"section-title-wrapper\"><div class=\"title-wrap\"><h6 class=\"sub-title\"><span class=\"subtitle-dots\">\u00dcber uns<\/span><\/h6><h2 class=\"section-title\">Dr. Erol Altuntop<\/h2><\/div><!-- .title-wrap --><div class=\"section-description\"><p class=\"section-content\">Als auf medizinische \u00c4sthetik spezialisierter Arzt ist Dr. Altuntop ein Fachmann, der wissenschaftliche Innovationen verfolgt und seinen Patienten mit den fortschrittlichsten Techniken dient. Er kombiniert \u00c4sthetik und Funktionalit\u00e4t, um die nat\u00fcrliche Sch\u00f6nheit des Einzelnen hervorzuheben, und erzielt dabei erfolgreiche Ergebnisse bei Gesichts- und K\u00f6rperverj\u00fcngungsbehandlungen. Dr. Altuntop ist in zahlreichen Bereichen wie Botox, Filler, Mesotherapie, PRP, Fadenlifting und Hautverj\u00fcngung spezialisiert und verfolgt mit ma\u00dfgeschneiderten Behandlungen das Ziel, \u00e4sthetische Anliegen auf die ges\u00fcndeste und sicherste Weise zu l\u00f6sen. Mit einem ethischen und professionellen Ansatz, der die Patientenzufriedenheit in den Vordergrund stellt, setzt Dr. Erol Altuntop neue Ma\u00dfst\u00e4be in der medizinischen \u00c4sthetik und bietet moderne L\u00f6sungen, die ein nat\u00fcrliches und ausgewogenes Erscheinungsbild schaffen.   <\/p><\/div><!-- .section-description --><\/div><!-- .section-title-wrapper -->\t\t\t\t<\/div>\n\t\t\t\t<\/div>\n\t\t\t\t<section class=\"elementor-section elementor-inner-section elementor-element elementor-element-1c168449 elementor-section-content-middle elementor-section-boxed elementor-section-height-default elementor-section-height-default\" data-id=\"1c168449\" data-element_type=\"section\">\n\t\t\t\t\t\t<div class=\"elementor-container elementor-column-gap-no\">\n\t\t\t\t\t<div class=\"elementor-column elementor-col-50 elementor-inner-column elementor-element elementor-element-2b2326af\" data-id=\"2b2326af\" data-element_type=\"column\">\n\t\t\t<div class=\"elementor-widget-wrap elementor-element-populated\">\n\t\t\t\t\t\t<div class=\"elementor-element elementor-element-2ae561b9 cea-view-default elementor-invisible elementor-widget elementor-widget-ceafeaturebox\" data-id=\"2ae561b9\" data-element_type=\"widget\" data-settings=\"{&quot;_animation&quot;:&quot;fadeInUp&quot;}\" data-widget_type=\"ceafeaturebox.default\">\n\t\t\t\t<div class=\"elementor-widget-container feature-box-wrapper feature-box-default\">\n\t\t\t<div class=\"media\"><div class=\"media-icon-part\"><div class=\"cea-featured-icon\"><i aria-hidden=\"true\" class=\" bi-suit-heart\"><\/i><\/div><\/div><div class=\"media-body\"><h5 class=\"feature-box-title\">100 % Engagement<\/h5><\/div><!-- .media-body --><\/div><!-- .media -->\t\t<\/div>\n\t\t\t\t<\/div>\n\t\t\t\t\t<\/div>\n\t\t<\/div>\n\t\t\t\t<div class=\"elementor-column elementor-col-50 elementor-inner-column elementor-element elementor-element-52545634\" data-id=\"52545634\" data-element_type=\"column\">\n\t\t\t<div class=\"elementor-widget-wrap elementor-element-populated\">\n\t\t\t\t\t\t<div class=\"elementor-element elementor-element-45cfb6d9 cea-view-default elementor-invisible elementor-widget elementor-widget-ceafeaturebox\" data-id=\"45cfb6d9\" data-element_type=\"widget\" data-settings=\"{&quot;_animation&quot;:&quot;fadeInUp&quot;}\" data-widget_type=\"ceafeaturebox.default\">\n\t\t\t\t<div class=\"elementor-widget-container feature-box-wrapper feature-box-default\">\n\t\t\t<div class=\"media\"><div class=\"media-icon-part\"><div class=\"cea-featured-icon\"><i aria-hidden=\"true\" class=\" bi-check2-circle\"><\/i><\/div><\/div><div class=\"media-body\"><h3 class=\"feature-box-title\">Experte auf seinem Gebiet<\/h3><\/div><!-- .media-body --><\/div><!-- .media -->\t\t<\/div>\n\t\t\t\t<\/div>\n\t\t\t\t\t<\/div>\n\t\t<\/div>\n\t\t\t\t\t<\/div>\n\t\t<\/section>\n\t\t\t\t<section class=\"elementor-section elementor-inner-section elementor-element elementor-element-82efde elementor-section-content-middle elementor-section-boxed elementor-section-height-default elementor-section-height-default\" data-id=\"82efde\" data-element_type=\"section\">\n\t\t\t\t\t\t<div class=\"elementor-container elementor-column-gap-no\">\n\t\t\t\t\t<div class=\"elementor-column elementor-col-50 elementor-inner-column elementor-element elementor-element-6d129400\" data-id=\"6d129400\" data-element_type=\"column\">\n\t\t\t<div class=\"elementor-widget-wrap elementor-element-populated\">\n\t\t\t\t\t\t<div class=\"elementor-element elementor-element-76f6d633 cea-view-default elementor-invisible elementor-widget elementor-widget-ceafeaturebox\" data-id=\"76f6d633\" data-element_type=\"widget\" data-settings=\"{&quot;_animation&quot;:&quot;fadeInUp&quot;}\" data-widget_type=\"ceafeaturebox.default\">\n\t\t\t\t<div class=\"elementor-widget-container feature-box-wrapper feature-box-default\">\n\t\t\t<div class=\"media\"><div class=\"media-icon-part\"><div class=\"cea-featured-icon\"><i aria-hidden=\"true\" class=\" bi-shield-check\"><\/i><\/div><\/div><div class=\"media-body\"><h3 class=\"feature-box-title\">H\u00f6chste Servicequalit\u00e4t<\/h3><\/div><!-- .media-body --><\/div><!-- .media -->\t\t<\/div>\n\t\t\t\t<\/div>\n\t\t\t\t\t<\/div>\n\t\t<\/div>\n\t\t\t\t<div class=\"elementor-column elementor-col-50 elementor-inner-column elementor-element elementor-element-320353f4\" data-id=\"320353f4\" data-element_type=\"column\">\n\t\t\t<div class=\"elementor-widget-wrap elementor-element-populated\">\n\t\t\t\t\t\t<div class=\"elementor-element elementor-element-3d16cc0c cea-view-default elementor-invisible elementor-widget elementor-widget-ceafeaturebox\" data-id=\"3d16cc0c\" data-element_type=\"widget\" data-settings=\"{&quot;_animation&quot;:&quot;fadeInUp&quot;}\" data-widget_type=\"ceafeaturebox.default\">\n\t\t\t\t<div class=\"elementor-widget-container feature-box-wrapper feature-box-default\">\n\t\t\t<div class=\"media\"><div class=\"media-icon-part\"><div class=\"cea-featured-icon\"><i aria-hidden=\"true\" class=\" bi-person-plus\"><\/i><\/div><\/div><div class=\"media-body\"><h3 class=\"feature-box-title\">Erfolgreiche Ergebnisse<\/h3><\/div><!-- .media-body --><\/div><!-- .media -->\t\t<\/div>\n\t\t\t\t<\/div>\n\t\t\t\t\t<\/div>\n\t\t<\/div>\n\t\t\t\t\t<\/div>\n\t\t<\/section>\n\t\t\t\t<div class=\"elementor-element elementor-element-21cd756e elementor-widget elementor-widget-ceabutton\" data-id=\"21cd756e\" data-element_type=\"widget\" data-widget_type=\"ceabutton.default\">\n\t\t\t\t<div class=\"elementor-widget-container cea-button-wrapper\">\r\n\t\t\t\t\t<div class=\"cea-button-wrapper\">\r\n\t\t\t<a href=\"https:\/\/drerolaltuntop.com\/iletisim\" class=\"cea-button-link elementor-button cea-button elementor-size-sm\">\r\n\t\t\t\t\t\t<span class=\"cea-button-content-wrapper\">\r\n\t\t\t\t\t\t<span class=\"cea-button-icon cea-align-icon-right\">\r\n\t\t\t\t<i aria-hidden=\"true\" class=\" bi-arrow-up-right\"><\/i>\t\t\t<\/span>\r\n\t\t\t\t\t\t<span class=\"cea-button-text\">Kontakt<\/span>\r\n\t\t<\/span>\r\n\t\t\t\t\t<\/a>\r\n\t\t<\/div>\r\n\t\t\t\t<\/div>\r\n\t\t\t\t<\/div>\n\t\t\t\t\t<\/div>\n\t\t<\/div>\n\t\t\t\t<div class=\"elementor-column elementor-col-50 elementor-top-column elementor-element elementor-element-5686577c round-infoboxes\" data-id=\"5686577c\" data-element_type=\"column\">\n\t\t\t<div class=\"elementor-widget-wrap elementor-element-populated\">\n\t\t\t\t\t\t<div class=\"elementor-element elementor-element-5b72db7d elementor-invisible elementor-widget elementor-widget-image\" data-id=\"5b72db7d\" data-element_type=\"widget\" data-settings=\"{&quot;_animation&quot;:&quot;fadeInUp&quot;}\" data-widget_type=\"image.default\">\n\t\t\t\t<div class=\"elementor-widget-container\">\n\t\t\t\t\t\t\t\t\t\t\t\t\t\t\t<img decoding=\"async\" src=\"https:\/\/drerolaltuntop.com\/wp-content\/uploads\/elementor\/thumbs\/dreroltuntopofis-r1twsptd6311u9dvtyl6v5gwbea4qzihjow651ot4o.png\" title=\"dreroltuntopofis\" alt=\"dreroltuntopofis\" loading=\"lazy\" \/>\t\t\t\t\t\t\t\t\t\t\t\t\t\t\t<\/div>\n\t\t\t\t<\/div>\n\t\t\t\t<div class=\"elementor-element elementor-element-2d9896eb elementor-widget__width-auto elementor-absolute e-transform e-transform elementor-hidden-tablet elementor-hidden-mobile elementor-invisible elementor-widget elementor-widget-image\" data-id=\"2d9896eb\" data-element_type=\"widget\" data-settings=\"{&quot;_position&quot;:&quot;absolute&quot;,&quot;_transform_rotateZ_effect&quot;:{&quot;unit&quot;:&quot;px&quot;,&quot;size&quot;:-4,&quot;sizes&quot;:[]},&quot;_transform_rotateZ_effect_hover&quot;:{&quot;unit&quot;:&quot;px&quot;,&quot;size&quot;:0,&quot;sizes&quot;:[]},&quot;_animation&quot;:&quot;zoomIn&quot;,&quot;_transform_rotateZ_effect_tablet&quot;:{&quot;unit&quot;:&quot;deg&quot;,&quot;size&quot;:&quot;&quot;,&quot;sizes&quot;:[]},&quot;_transform_rotateZ_effect_mobile&quot;:{&quot;unit&quot;:&quot;deg&quot;,&quot;size&quot;:&quot;&quot;,&quot;sizes&quot;:[]},&quot;_transform_rotateZ_effect_hover_tablet&quot;:{&quot;unit&quot;:&quot;deg&quot;,&quot;size&quot;:&quot;&quot;,&quot;sizes&quot;:[]},&quot;_transform_rotateZ_effect_hover_mobile&quot;:{&quot;unit&quot;:&quot;deg&quot;,&quot;size&quot;:&quot;&quot;,&quot;sizes&quot;:[]}}\" data-widget_type=\"image.default\">\n\t\t\t\t<div class=\"elementor-widget-container\">\n\t\t\t\t\t\t\t\t\t\t\t\t\t\t\t<img decoding=\"async\" src=\"https:\/\/drerolaltuntop.com\/wp-content\/uploads\/elementor\/thumbs\/drerolaltuntopbannergorseli-r1twtahn8q2veens7jhf30pn7wtogwg4hq3kncgnp2.jpg\" title=\"drerolaltuntopbannerg\u00f6rseli\" alt=\"drerolaltuntopbannerg\u00f6rseli\" loading=\"lazy\" \/>\t\t\t\t\t\t\t\t\t\t\t\t\t\t\t<\/div>\n\t\t\t\t<\/div>\n\t\t\t\t\t<\/div>\n\t\t<\/div>\n\t\t\t\t\t<\/div>\n\t\t<\/section>\n\t\t\t\t<section class=\"elementor-section elementor-top-section elementor-element elementor-element-6fbb00e6 elementor-section-stretched elementor-section-boxed elementor-section-height-default elementor-section-height-default\" data-id=\"6fbb00e6\" data-element_type=\"section\" data-settings=\"{&quot;stretch_section&quot;:&quot;section-stretched&quot;,&quot;background_background&quot;:&quot;classic&quot;}\">\n\t\t\t\t\t\t\t<div class=\"elementor-background-overlay\"><\/div>\n\t\t\t\t\t\t\t<div class=\"elementor-container elementor-column-gap-wide\">\n\t\t\t\t\t<div class=\"elementor-column elementor-col-100 elementor-top-column elementor-element elementor-element-2c2f103d\" data-id=\"2c2f103d\" data-element_type=\"column\">\n\t\t\t<div class=\"elementor-widget-wrap elementor-element-populated\">\n\t\t\t\t\t\t<section class=\"elementor-section elementor-inner-section elementor-element elementor-element-1cec770f elementor-section-boxed elementor-section-height-default elementor-section-height-default\" data-id=\"1cec770f\" data-element_type=\"section\" data-settings=\"{&quot;background_background&quot;:&quot;classic&quot;}\">\n\t\t\t\t\t\t\t<div class=\"elementor-background-overlay\"><\/div>\n\t\t\t\t\t\t\t<div class=\"elementor-container elementor-column-gap-default\">\n\t\t\t\t\t<div class=\"elementor-column elementor-col-100 elementor-inner-column elementor-element elementor-element-42d0697d\" data-id=\"42d0697d\" data-element_type=\"column\">\n\t\t\t<div class=\"elementor-widget-wrap elementor-element-populated\">\n\t\t\t\t\t\t<div class=\"elementor-element elementor-element-126c2ab cea-align-center elementor-invisible elementor-widget elementor-widget-ceasectiontitle\" data-id=\"126c2ab\" data-element_type=\"widget\" data-settings=\"{&quot;_animation&quot;:&quot;fadeInUp&quot;}\" data-widget_type=\"ceasectiontitle.default\">\n\t\t\t\t<div class=\"elementor-widget-container\">\n\t\t\t\t\t<div class=\"section-title-wrapper\"><div class=\"title-wrap\"><div class=\"sub-title\"><span class=\"subtitle-dots\">Sch\u00f6nheit unter allen Bedingungen<\/span><\/div><h2 class=\"section-title\"><\/h2><\/div><!-- .title-wrap --><div class=\"section-description\"><\/div><!-- .section-description --><\/div><!-- .section-title-wrapper -->\t\t\t\t<\/div>\n\t\t\t\t<\/div>\n\t\t\t\t<div class=\"elementor-element elementor-element-50b7332c elementor-invisible elementor-widget elementor-widget-heading\" data-id=\"50b7332c\" data-element_type=\"widget\" data-settings=\"{&quot;_animation&quot;:&quot;fadeInUp&quot;}\" data-widget_type=\"heading.default\">\n\t\t\t\t<div class=\"elementor-widget-container\">\n\t\t\t\t\t<h2 class=\"elementor-heading-title elementor-size-default\">Es ist unsere Mission, die nat\u00fcrliche Sch\u00f6nheit unserer Patienten zu bewahren und zu f\u00f6rdern, die Zeichen der Hautalterung zu verz\u00f6gern, die Hautgesundheit zu unterst\u00fctzen und den Einzelnen sichere, gesunde und ma\u00dfgeschneiderte \u00e4sthetische L\u00f6sungen anzubieten, um ihre Lebensqualit\u00e4t zu steigern \u2013 stets unter Einhaltung wissenschaftlicher und ethischer Prinzipien.<\/h2>\t\t\t\t<\/div>\n\t\t\t\t<\/div>\n\t\t\t\t\t<\/div>\n\t\t<\/div>\n\t\t\t\t\t<\/div>\n\t\t<\/section>\n\t\t\t\t\t<\/div>\n\t\t<\/div>\n\t\t\t\t\t<\/div>\n\t\t<\/section>\n\t\t\t\t<section class=\"elementor-section elementor-top-section elementor-element elementor-element-668f3cfd elementor-section-full_width elementor-section-stretched elementor-hidden-tablet elementor-hidden-mobile elementor-section-height-default elementor-section-height-default\" data-id=\"668f3cfd\" data-element_type=\"section\" data-settings=\"{&quot;stretch_section&quot;:&quot;section-stretched&quot;}\">\n\t\t\t\t\t\t<div class=\"elementor-container elementor-column-gap-extended\">\n\t\t\t\t\t<div class=\"elementor-column elementor-col-100 elementor-top-column elementor-element elementor-element-2686157a\" data-id=\"2686157a\" data-element_type=\"column\">\n\t\t\t<div class=\"elementor-widget-wrap elementor-element-populated\">\n\t\t\t\t\t\t<div class=\"elementor-element elementor-element-35a5cf13 elementor-invisible elementor-widget elementor-widget-contentcarousel\" data-id=\"35a5cf13\" data-element_type=\"widget\" data-settings=\"{&quot;_animation&quot;:&quot;fadeInRight&quot;}\" data-widget_type=\"contentcarousel.default\">\n\t\t\t\t\r\n\t\t<div class=\"elementor-widget-container content-carousel-wrapper cea-carousel-style-default\" >\r\n\t\t\r\n\t\t\t<div class=\"cea-carousel owl-carousel\" data-loop=\"1\" data-margin=\"0\" data-center=\"1\" data-nav=\"0\" data-dots=\"0\" data-autoplay=\"1\" data-items=\"4\" data-items-tab=\"1\" data-items-mob=\"1\" data-duration=\"10000\" data-smartspeed=\"10000\" data-scrollby=\"1\" data-autoheight=\"0\"><div class=\"owl-slide-item\"><p><span class=\"heart-sym theme-color\">Botoks\u00a0\ud83c\udf94<\/span><\/p><\/div><div class=\"owl-slide-item\"><p><span class=\"heart-sym theme-color\">Dolgu\u00a0\ud83c\udf94<\/span><\/p><\/div><div class=\"owl-slide-item\"><p><span class=\"heart-sym theme-color\">Cilt Gen\u00e7le\u015ftirme\ud83c\udf94<\/span><\/p><\/div><div class=\"owl-slide-item\"><p><span class=\"heart-sym theme-color\">Ozon Tedavisi \ud83c\udf94<\/span><\/p><\/div><div class=\"owl-slide-item\"><p><span class=\"heart-sym theme-color\">Anti-aging \ud83c\udf94<\/span><\/p><\/div><div class=\"owl-slide-item\"><p><span class=\"heart-sym theme-color\">Plazma Pen \ud83c\udf94<\/span><\/p><\/div><\/div><!-- .owl-carousel -->\t\t\t\r\n\t\t<\/div>\r\n\t\t\t\t<\/div>\n\t\t\t\t\t<\/div>\n\t\t<\/div>\n\t\t\t\t\t<\/div>\n\t\t<\/section>\n\t\t\t\t<\/div>\n\t\t","protected":false},"excerpt":{"rendered":"<p>\u00dcber uns Dr. Erol Altuntop Als auf medizinische \u00c4sthetik spezialisierter Arzt ist Dr. Altuntop ein Fachmann, der wissenschaftliche Innovationen verfolgt und seinen Patienten mit den fortschrittlichsten Techniken dient. Er kombiniert \u00c4sthetik und Funktionalit\u00e4t, um die nat\u00fcrliche Sch\u00f6nheit des Einzelnen hervorzuheben, und erzielt dabei erfolgreiche Ergebnisse bei Gesichts- und K\u00f6rperverj\u00fcngungsbehandlungen. Dr&#8230;<\/p>\n","protected":false},"author":1,"featured_media":0,"parent":0,"menu_order":0,"comment_status":"closed","ping_status":"closed","template":"","meta":{"footnotes":""},"class_list":["post-65158","page","type-page","status-publish","hentry"],"_links":{"self":[{"href":"https:\/\/drerolaltuntop.com\/de\/wp-json\/wp\/v2\/pages\/65158","targetHints":{"allow":["GET"]}}],"collection":[{"href":"https:\/\/drerolaltuntop.com\/de\/wp-json\/wp\/v2\/pages"}],"about":[{"href":"https:\/\/drerolaltuntop.com\/de\/wp-json\/wp\/v2\/types\/page"}],"author":[{"embeddable":true,"href":"https:\/\/drerolaltuntop.com\/de\/wp-json\/wp\/v2\/users\/1"}],"replies":[{"embeddable":true,"href":"https:\/\/drerolaltuntop.com\/de\/wp-json\/wp\/v2\/comments?post=65158"}],"version-history":[{"count":1,"href":"https:\/\/drerolaltuntop.com\/de\/wp-json\/wp\/v2\/pages\/65158\/revisions"}],"predecessor-version":[{"id":65159,"href":"https:\/\/drerolaltuntop.com\/de\/wp-json\/wp\/v2\/pages\/65158\/revisions\/65159"}],"wp:attachment":[{"href":"https:\/\/drerolaltuntop.com\/de\/wp-json\/wp\/v2\/media?parent=65158"}],"curies":[{"name":"wp","href":"https:\/\/api.w.org\/{rel}","templated":true}]}}