{"id":65156,"date":"2024-07-15T10:55:00","date_gmt":"2024-07-15T07:55:00","guid":{"rendered":"https:\/\/drerolaltuntop.com\/kontakt\/"},"modified":"2025-02-24T10:26:57","modified_gmt":"2025-02-24T07:26:57","slug":"kontakt","status":"publish","type":"page","link":"https:\/\/drerolaltuntop.com\/de\/kontakt\/","title":{"rendered":"Kontakt"},"content":{"rendered":"\t\t<div data-elementor-type=\"wp-page\" data-elementor-id=\"65156\" class=\"elementor elementor-65156 elementor-63902\">\n\t\t\t\t\t\t<section class=\"elementor-section elementor-top-section elementor-element elementor-element-8678a79 elementor-section-boxed elementor-section-height-default elementor-section-height-default\" data-id=\"8678a79\" data-element_type=\"section\" data-settings=\"{&quot;background_background&quot;:&quot;classic&quot;}\">\n\t\t\t\t\t\t\t<div class=\"elementor-background-overlay\"><\/div>\n\t\t\t\t\t\t\t<div class=\"elementor-container elementor-column-gap-default\">\n\t\t\t\t\t<div class=\"elementor-column elementor-col-100 elementor-top-column elementor-element elementor-element-24b91626\" data-id=\"24b91626\" data-element_type=\"column\">\n\t\t\t<div class=\"elementor-widget-wrap elementor-element-populated\">\n\t\t\t\t\t\t<section class=\"elementor-section elementor-inner-section elementor-element elementor-element-640f3d66 elementor-section-boxed elementor-section-height-default elementor-section-height-default\" data-id=\"640f3d66\" data-element_type=\"section\" data-settings=\"{&quot;background_background&quot;:&quot;classic&quot;}\">\n\t\t\t\t\t\t\t<div class=\"elementor-background-overlay\"><\/div>\n\t\t\t\t\t\t\t<div class=\"elementor-container elementor-column-gap-default\">\n\t\t\t\t\t<div class=\"elementor-column elementor-col-33 elementor-inner-column elementor-element elementor-element-21e9194d\" data-id=\"21e9194d\" data-element_type=\"column\">\n\t\t\t<div class=\"elementor-widget-wrap\">\n\t\t\t\t\t\t\t<\/div>\n\t\t<\/div>\n\t\t\t\t<div class=\"elementor-column elementor-col-33 elementor-inner-column elementor-element elementor-element-5f6b79d6\" data-id=\"5f6b79d6\" data-element_type=\"column\">\n\t\t\t<div class=\"elementor-widget-wrap elementor-element-populated\">\n\t\t\t\t\t\t<div class=\"elementor-element elementor-element-23f749d9 cea-align-center elementor-widget elementor-widget-ceasectiontitle\" data-id=\"23f749d9\" data-element_type=\"widget\" data-widget_type=\"ceasectiontitle.default\">\n\t\t\t\t<div class=\"elementor-widget-container\">\n\t\t\t\t\t<div class=\"section-title-wrapper\"><div class=\"title-wrap\"><h6 class=\"sub-title\"><span class=\"subtitle-dots\">Kontakt<\/span><\/h6><h2 class=\"section-title\">F\u00fcr Fragen und Vorschl\u00e4ge:<\/h2><\/div><!-- .title-wrap --><div class=\"section-description\"><\/div><!-- .section-description --><\/div><!-- .section-title-wrapper -->\t\t\t\t<\/div>\n\t\t\t\t<\/div>\n\t\t\t\t\t<\/div>\n\t\t<\/div>\n\t\t\t\t<div class=\"elementor-column elementor-col-33 elementor-inner-column elementor-element elementor-element-34fcf862\" data-id=\"34fcf862\" data-element_type=\"column\">\n\t\t\t<div class=\"elementor-widget-wrap\">\n\t\t\t\t\t\t\t<\/div>\n\t\t<\/div>\n\t\t\t\t\t<\/div>\n\t\t<\/section>\n\t\t\t\t<section class=\"elementor-section elementor-inner-section elementor-element elementor-element-24329760 elementor-section-boxed elementor-section-height-default elementor-section-height-default\" data-id=\"24329760\" data-element_type=\"section\" data-settings=\"{&quot;background_background&quot;:&quot;classic&quot;}\">\n\t\t\t\t\t\t\t<div class=\"elementor-background-overlay\"><\/div>\n\t\t\t\t\t\t\t<div class=\"elementor-container elementor-column-gap-wide\">\n\t\t\t\t\t<div class=\"elementor-column elementor-col-33 elementor-inner-column elementor-element elementor-element-72094996\" data-id=\"72094996\" data-element_type=\"column\">\n\t\t\t<div class=\"elementor-widget-wrap elementor-element-populated\">\n\t\t\t\t\t\t<div class=\"elementor-element elementor-element-8da6c08 cea-view-framed fb-cus-list cea-shape-circle elementor-invisible elementor-widget elementor-widget-ceafeaturebox\" data-id=\"8da6c08\" data-element_type=\"widget\" data-settings=\"{&quot;_animation&quot;:&quot;fadeInUp&quot;}\" data-widget_type=\"ceafeaturebox.default\">\n\t\t\t\t<div class=\"elementor-widget-container feature-box-wrapper feature-box-default\">\n\t\t\t<a href=\"#\"><div class=\"media\"><div class=\"media-icon-part align-self-center\"><div class=\"cea-featured-icon\"><i aria-hidden=\"true\" class=\" bi-clock\"><\/i><\/div><\/div><div class=\"media-body align-self-center\"><h4 class=\"feature-box-title\">24\/7 Unterst\u00fctzung<\/h4><\/div><!-- .media-body --><\/div><!-- .media --><\/a><!-- .fbox link close -->\t\t<\/div>\n\t\t\t\t<\/div>\n\t\t\t\t\t<\/div>\n\t\t<\/div>\n\t\t\t\t<div class=\"elementor-column elementor-col-33 elementor-inner-column elementor-element elementor-element-67d6cd74\" data-id=\"67d6cd74\" data-element_type=\"column\">\n\t\t\t<div class=\"elementor-widget-wrap elementor-element-populated\">\n\t\t\t\t\t\t<div class=\"elementor-element elementor-element-33229ddf cea-view-framed fb-cus-list cea-shape-circle elementor-invisible elementor-widget elementor-widget-ceafeaturebox\" data-id=\"33229ddf\" data-element_type=\"widget\" data-settings=\"{&quot;_animation&quot;:&quot;fadeInUp&quot;}\" data-widget_type=\"ceafeaturebox.default\">\n\t\t\t\t<div class=\"elementor-widget-container feature-box-wrapper feature-box-default\">\n\t\t\t<a href=\"#\"><div class=\"media\"><div class=\"media-icon-part align-self-center\"><div class=\"cea-featured-icon\"><i aria-hidden=\"true\" class=\" bi-lightning-charge\"><\/i><\/div><\/div><div class=\"media-body align-self-center\"><div class=\"feature-box-title\">Schnelle Interaktion<\/div><\/div><!-- .media-body --><\/div><!-- .media --><\/a><!-- .fbox link close -->\t\t<\/div>\n\t\t\t\t<\/div>\n\t\t\t\t\t<\/div>\n\t\t<\/div>\n\t\t\t\t<div class=\"elementor-column elementor-col-33 elementor-inner-column elementor-element elementor-element-10e5f84a\" data-id=\"10e5f84a\" data-element_type=\"column\">\n\t\t\t<div class=\"elementor-widget-wrap elementor-element-populated\">\n\t\t\t\t\t\t<div class=\"elementor-element elementor-element-6eab843b cea-view-framed fb-cus-list cea-shape-circle elementor-invisible elementor-widget elementor-widget-ceafeaturebox\" data-id=\"6eab843b\" data-element_type=\"widget\" data-settings=\"{&quot;_animation&quot;:&quot;fadeInUp&quot;}\" data-widget_type=\"ceafeaturebox.default\">\n\t\t\t\t<div class=\"elementor-widget-container feature-box-wrapper feature-box-default\">\n\t\t\t<a href=\"#\"><div class=\"media\"><div class=\"media-icon-part align-self-center\"><div class=\"cea-featured-icon\"><i aria-hidden=\"true\" class=\" bi-x-diamond\"><\/i><\/div><\/div><div class=\"media-body align-self-center\"><h4 class=\"feature-box-title\">Expertenteam<\/h4><\/div><!-- .media-body --><\/div><!-- .media --><\/a><!-- .fbox link close -->\t\t<\/div>\n\t\t\t\t<\/div>\n\t\t\t\t\t<\/div>\n\t\t<\/div>\n\t\t\t\t\t<\/div>\n\t\t<\/section>\n\t\t\t\t\t<\/div>\n\t\t<\/div>\n\t\t\t\t\t<\/div>\n\t\t<\/section>\n\t\t\t\t<section class=\"elementor-section elementor-top-section elementor-element elementor-element-1f554ff8 elementor-section-boxed elementor-section-height-default elementor-section-height-default\" data-id=\"1f554ff8\" data-element_type=\"section\">\n\t\t\t\t\t\t<div class=\"elementor-container elementor-column-gap-wide\">\n\t\t\t\t\t<div class=\"elementor-column elementor-col-50 elementor-top-column elementor-element elementor-element-194e48e2\" data-id=\"194e48e2\" data-element_type=\"column\">\n\t\t\t<div class=\"elementor-widget-wrap elementor-element-populated\">\n\t\t\t\t\t\t<div class=\"elementor-element elementor-element-3df52a61 cea-view-default elementor-widget elementor-widget-ceafeaturebox\" data-id=\"3df52a61\" data-element_type=\"widget\" data-widget_type=\"ceafeaturebox.default\">\n\t\t\t\t<div class=\"elementor-widget-container feature-box-wrapper feature-box-classic-pro\">\n\t\t\t<div class=\"media\"><div class=\"media-icon-part align-self-center\"><div class=\"cea-featured-icon\"><i aria-hidden=\"true\" class=\" bi-geo-alt-fill\"><\/i><\/div><\/div><div class=\"media-body align-self-center\"><h4 class=\"feature-box-title\">Unsere Adresse<\/h4><div class=\"fbox-content\">Merkez, A\u015furo\u011flu Sk. \u00c7avu\u015fba\u015f\u0131 Cd No:5 D:4, 34782 \u00c7ekmek\u00f6y\/\u0130stanbul<\/div><\/div><!-- .media-body --><\/div><!-- .media -->\t\t<\/div>\n\t\t\t\t<\/div>\n\t\t\t\t<div class=\"elementor-element elementor-element-530d621a cea-view-default elementor-widget elementor-widget-ceafeaturebox\" data-id=\"530d621a\" data-element_type=\"widget\" data-widget_type=\"ceafeaturebox.default\">\n\t\t\t\t<div class=\"elementor-widget-container feature-box-wrapper feature-box-classic-pro\">\n\t\t\t<div class=\"media\"><div class=\"media-icon-part align-self-center\"><div class=\"cea-featured-icon\"><i aria-hidden=\"true\" class=\" bi-headset\"><\/i><\/div><\/div><div class=\"media-body\"><h3 class=\"feature-box-title\">Telefon:<\/h3><div class=\"fbox-content\"><a href=\"tel:(+90)5331981853\">0533 198 18 53<\/a><\/div><\/div><!-- .media-body --><\/div><!-- .media -->\t\t<\/div>\n\t\t\t\t<\/div>\n\t\t\t\t<div class=\"elementor-element elementor-element-7b4652a7 cea-view-default elementor-widget elementor-widget-ceafeaturebox\" data-id=\"7b4652a7\" data-element_type=\"widget\" data-widget_type=\"ceafeaturebox.default\">\n\t\t\t\t<div class=\"elementor-widget-container feature-box-wrapper feature-box-classic-pro\">\n\t\t\t<div class=\"media\"><div class=\"media-icon-part align-self-center\"><div class=\"cea-featured-icon\"><i aria-hidden=\"true\" class=\" bi-envelope-fill\"><\/i><\/div><\/div><div class=\"media-body\"><h3 class=\"feature-box-title\">E-Mail Adresse:<\/h3><div class=\"fbox-content\"><a href=\"mailto:info@drerolaltuntop.com\">info@drerolaltuntop.com<\/a><\/div><\/div><!-- .media-body --><\/div><!-- .media -->\t\t<\/div>\n\t\t\t\t<\/div>\n\t\t\t\t<div class=\"elementor-element elementor-element-63bb9bfc elementor-widget elementor-widget-heading\" data-id=\"63bb9bfc\" data-element_type=\"widget\" data-widget_type=\"heading.default\">\n\t\t\t\t<div class=\"elementor-widget-container\">\n\t\t\t\t\t<h4 class=\"elementor-heading-title elementor-size-default\">Wir in den sozialen Medien:<\/h4>\t\t\t\t<\/div>\n\t\t\t\t<\/div>\n\t\t\t\t<div class=\"elementor-element elementor-element-29115afd elementor-widget elementor-widget-ceasociallinks\" data-id=\"29115afd\" data-element_type=\"widget\" data-widget_type=\"ceasociallinks.default\">\n\t\t\t\t<div class=\"elementor-widget-container\">\n\t\t\t\t\t<div class=\"social-icons-wrapper\"><ul class=\"nav d-inline-block cea-social-icons\">\t\t\t\t<li class=\"elementor-grid-item\">\r\n\t\t\t\t\t<a class=\"elementor-icon elementor-social-icon elementor-social-icon-instagram elementor-repeater-item-d2678ee\" href=\"https:\/\/www.instagram.com\/dr.erolaltuntop\/\" target=\"_blank\">\r\n\t\t\t\t\t\t<span class=\"elementor-screen-only\">Instagram<\/span>\r\n\t\t\t\t\t\t<svg class=\"e-font-icon-svg e-fab-instagram\" viewBox=\"0 0 448 512\" xmlns=\"http:\/\/www.w3.org\/2000\/svg\"><path d=\"M224.1 141c-63.6 0-114.9 51.3-114.9 114.9s51.3 114.9 114.9 114.9S339 319.5 339 255.9 287.7 141 224.1 141zm0 189.6c-41.1 0-74.7-33.5-74.7-74.7s33.5-74.7 74.7-74.7 74.7 33.5 74.7 74.7-33.6 74.7-74.7 74.7zm146.4-194.3c0 14.9-12 26.8-26.8 26.8-14.9 0-26.8-12-26.8-26.8s12-26.8 26.8-26.8 26.8 12 26.8 26.8zm76.1 27.2c-1.7-35.9-9.9-67.7-36.2-93.9-26.2-26.2-58-34.4-93.9-36.2-37-2.1-147.9-2.1-184.9 0-35.8 1.7-67.6 9.9-93.9 36.1s-34.4 58-36.2 93.9c-2.1 37-2.1 147.9 0 184.9 1.7 35.9 9.9 67.7 36.2 93.9s58 34.4 93.9 36.2c37 2.1 147.9 2.1 184.9 0 35.9-1.7 67.7-9.9 93.9-36.2 26.2-26.2 34.4-58 36.2-93.9 2.1-37 2.1-147.8 0-184.8zM398.8 388c-7.8 19.6-22.9 34.7-42.6 42.6-29.5 11.7-99.5 9-132.1 9s-102.7 2.6-132.1-9c-19.6-7.8-34.7-22.9-42.6-42.6-11.7-29.5-9-99.5-9-132.1s-2.6-102.7 9-132.1c7.8-19.6 22.9-34.7 42.6-42.6 29.5-11.7 99.5-9 132.1-9s102.7-2.6 132.1 9c19.6 7.8 34.7 22.9 42.6 42.6 11.7 29.5 9 99.5 9 132.1s2.7 102.7-9 132.1z\"><\/path><\/svg>\t\t\t\t\t<\/a>\r\n\t\t\t\t<\/li>\r\n\t\t\t<\/ul><\/div><!-- .social-icons-wrapper -->\t\t\t\t<\/div>\n\t\t\t\t<\/div>\n\t\t\t\t<div class=\"elementor-element elementor-element-182fd4fc elementor-hidden-desktop elementor-hidden-tablet elementor-hidden-mobile elementor-shape-rounded elementor-grid-0 e-grid-align-center elementor-widget elementor-widget-social-icons\" data-id=\"182fd4fc\" data-element_type=\"widget\" data-widget_type=\"social-icons.default\">\n\t\t\t\t<div class=\"elementor-widget-container\">\n\t\t\t\t\t\t\t<div class=\"elementor-social-icons-wrapper elementor-grid\">\n\t\t\t\t\t\t\t<span class=\"elementor-grid-item\">\n\t\t\t\t\t<a class=\"elementor-icon elementor-social-icon elementor-social-icon-instagram elementor-repeater-item-d39b7a6\" href=\"https:\/\/www.instagram.com\/dr.erolaltuntop\/\" target=\"_blank\">\n\t\t\t\t\t\t<span class=\"elementor-screen-only\">Instagram<\/span>\n\t\t\t\t\t\t<svg aria-hidden=\"true\" class=\"e-font-icon-svg e-fab-instagram\" viewBox=\"0 0 448 512\" xmlns=\"http:\/\/www.w3.org\/2000\/svg\"><path d=\"M224.1 141c-63.6 0-114.9 51.3-114.9 114.9s51.3 114.9 114.9 114.9S339 319.5 339 255.9 287.7 141 224.1 141zm0 189.6c-41.1 0-74.7-33.5-74.7-74.7s33.5-74.7 74.7-74.7 74.7 33.5 74.7 74.7-33.6 74.7-74.7 74.7zm146.4-194.3c0 14.9-12 26.8-26.8 26.8-14.9 0-26.8-12-26.8-26.8s12-26.8 26.8-26.8 26.8 12 26.8 26.8zm76.1 27.2c-1.7-35.9-9.9-67.7-36.2-93.9-26.2-26.2-58-34.4-93.9-36.2-37-2.1-147.9-2.1-184.9 0-35.8 1.7-67.6 9.9-93.9 36.1s-34.4 58-36.2 93.9c-2.1 37-2.1 147.9 0 184.9 1.7 35.9 9.9 67.7 36.2 93.9s58 34.4 93.9 36.2c37 2.1 147.9 2.1 184.9 0 35.9-1.7 67.7-9.9 93.9-36.2 26.2-26.2 34.4-58 36.2-93.9 2.1-37 2.1-147.8 0-184.8zM398.8 388c-7.8 19.6-22.9 34.7-42.6 42.6-29.5 11.7-99.5 9-132.1 9s-102.7 2.6-132.1-9c-19.6-7.8-34.7-22.9-42.6-42.6-11.7-29.5-9-99.5-9-132.1s-2.6-102.7 9-132.1c7.8-19.6 22.9-34.7 42.6-42.6 29.5-11.7 99.5-9 132.1-9s102.7-2.6 132.1 9c19.6 7.8 34.7 22.9 42.6 42.6 11.7 29.5 9 99.5 9 132.1s2.7 102.7-9 132.1z\"><\/path><\/svg>\t\t\t\t\t<\/a>\n\t\t\t\t<\/span>\n\t\t\t\t\t<\/div>\n\t\t\t\t\t\t<\/div>\n\t\t\t\t<\/div>\n\t\t\t\t\t<\/div>\n\t\t<\/div>\n\t\t\t\t<div class=\"elementor-column elementor-col-50 elementor-top-column elementor-element elementor-element-46ac959a\" data-id=\"46ac959a\" data-element_type=\"column\" data-settings=\"{&quot;background_background&quot;:&quot;classic&quot;}\">\n\t\t\t<div class=\"elementor-widget-wrap elementor-element-populated\">\n\t\t\t\t\t\t<div class=\"elementor-element elementor-element-98af365 elementor-widget elementor-widget-contactform\" data-id=\"98af365\" data-element_type=\"widget\" data-widget_type=\"contactform.default\">\n\t\t\t\t<div class=\"elementor-widget-container\">\n\t\t\t\t\t<div class=\"contact-form-wrapper cf-style-classic\"><div class=\"contact-form\">\n<div class=\"wpcf7 no-js\" id=\"wpcf7-f15411-o1\" lang=\"tr-TR\" dir=\"ltr\" data-wpcf7-id=\"15411\">\n<div class=\"screen-reader-response\"><p role=\"status\" aria-live=\"polite\" aria-atomic=\"true\"><\/p> <ul><\/ul><\/div>\n<form action=\"\/de\/wp-json\/wp\/v2\/pages\/65156#wpcf7-f15411-o1\" method=\"post\" class=\"wpcf7-form init\" aria-label=\"\u0130leti\u015fim Formu\" novalidate=\"novalidate\" data-status=\"init\">\n<fieldset class=\"hidden-fields-container\"><input type=\"hidden\" name=\"_wpcf7\" value=\"15411\" \/><input type=\"hidden\" name=\"_wpcf7_version\" value=\"6.1.3\" \/><input type=\"hidden\" name=\"_wpcf7_locale\" value=\"tr_TR\" \/><input type=\"hidden\" name=\"_wpcf7_unit_tag\" value=\"wpcf7-f15411-o1\" \/><input type=\"hidden\" name=\"_wpcf7_container_post\" value=\"0\" \/><input type=\"hidden\" name=\"_wpcf7_posted_data_hash\" value=\"\" \/>\n<\/fieldset>\n<div class=\"row\">\n\t<div class=\"col-md-12\">\n\t\t<p><span class=\"wpcf7-form-control-wrap\" data-name=\"your-name\"><input size=\"40\" maxlength=\"400\" class=\"wpcf7-form-control wpcf7-text\" aria-invalid=\"false\" placeholder=\"Name\" value=\"\" type=\"text\" name=\"your-name\" \/><\/span>\n\t\t<\/p>\n\t<\/div>\n\t<div class=\"col-md-12\">\n\t\t<p><span class=\"wpcf7-form-control-wrap\" data-name=\"your-email\"><input size=\"40\" maxlength=\"400\" class=\"wpcf7-form-control wpcf7-email wpcf7-validates-as-required wpcf7-text wpcf7-validates-as-email\" aria-required=\"true\" aria-invalid=\"false\" placeholder=\"Email\" value=\"\" type=\"email\" name=\"your-email\" \/><\/span>\n\t\t<\/p>\n\t<\/div>\n\t<div class=\"col-md-12\">\n\t\t<p><span class=\"wpcf7-form-control-wrap\" data-name=\"your-phone\"><input size=\"40\" maxlength=\"400\" class=\"wpcf7-form-control wpcf7-tel wpcf7-validates-as-required wpcf7-text wpcf7-validates-as-tel\" aria-required=\"true\" aria-invalid=\"false\" placeholder=\"Phone\" value=\"\" type=\"tel\" name=\"your-phone\" \/><\/span>\n\t\t<\/p>\n\t<\/div>\n\t<div class=\"col-md-12\">\n\t\t<p><span class=\"wpcf7-form-control-wrap\" data-name=\"your-message\"><textarea cols=\"40\" rows=\"10\" maxlength=\"2000\" class=\"wpcf7-form-control wpcf7-textarea\" aria-invalid=\"false\" placeholder=\"Message\" name=\"your-message\"><\/textarea><\/span>\n\t\t<\/p>\n\t<\/div>\n\t<div class=\"col-md-12 mt-2\">\n\t\t<p><input class=\"wpcf7-form-control wpcf7-submit has-spinner\" type=\"submit\" value=\"Send Now\" \/>\n\t\t<\/p>\n\t<\/div>\n<\/div><div class=\"wpcf7-response-output\" aria-hidden=\"true\"><\/div>\n<\/form>\n<\/div>\n<\/div><!-- .contact-form --><\/div><!-- .contact-form-wrapper -->\t\t\t\t<\/div>\n\t\t\t\t<\/div>\n\t\t\t\t\t<\/div>\n\t\t<\/div>\n\t\t\t\t\t<\/div>\n\t\t<\/section>\n\t\t\t\t<section class=\"elementor-section elementor-top-section elementor-element elementor-element-2e9c9675 elementor-section-full_width elementor-section-stretched elementor-section-height-default elementor-section-height-default\" data-id=\"2e9c9675\" data-element_type=\"section\" data-settings=\"{&quot;stretch_section&quot;:&quot;section-stretched&quot;}\">\n\t\t\t\t\t\t<div class=\"elementor-container elementor-column-gap-no\">\n\t\t\t\t\t<div class=\"elementor-column elementor-col-100 elementor-top-column elementor-element elementor-element-5f7e9e7d\" data-id=\"5f7e9e7d\" data-element_type=\"column\">\n\t\t\t<div class=\"elementor-widget-wrap elementor-element-populated\">\n\t\t\t\t\t\t<div class=\"elementor-element elementor-element-7ccecfe3 elementor-widget elementor-widget-google_maps\" data-id=\"7ccecfe3\" data-element_type=\"widget\" data-widget_type=\"google_maps.default\">\n\t\t\t\t<div class=\"elementor-widget-container\">\n\t\t\t\t\t\t\t<div class=\"elementor-custom-embed\">\n\t\t\t<iframe loading=\"lazy\"\n\t\t\t\t\tsrc=\"https:\/\/maps.google.com\/maps?q=dr%20erol%20altuntop&#038;t=m&#038;z=10&#038;output=embed&#038;iwloc=near\"\n\t\t\t\t\ttitle=\"dr erol altuntop\"\n\t\t\t\t\taria-label=\"dr erol altuntop\"\n\t\t\t><\/iframe>\n\t\t<\/div>\n\t\t\t\t\t\t<\/div>\n\t\t\t\t<\/div>\n\t\t\t\t\t<\/div>\n\t\t<\/div>\n\t\t\t\t\t<\/div>\n\t\t<\/section>\n\t\t\t\t<\/div>\n\t\t","protected":false},"excerpt":{"rendered":"<p>Kontakt F\u00fcr Fragen und Vorschl\u00e4ge: 24\/7 Unterst\u00fctzung Schnelle Interaktion Expertenteam Unsere Adresse Merkez, A\u015furo\u011flu Sk. \u00c7avu\u015fba\u015f\u0131 Cd No:5 D:4, 34782 \u00c7ekmek\u00f6y\/\u0130stanbul Telefon: 0533 198 18 53 E-Mail Adresse: info@drerolaltuntop.com Wir in den sozialen Medien: Instagram Instagram<\/p>\n","protected":false},"author":1,"featured_media":0,"parent":0,"menu_order":0,"comment_status":"closed","ping_status":"closed","template":"","meta":{"footnotes":""},"class_list":["post-65156","page","type-page","status-publish","hentry"],"_links":{"self":[{"href":"https:\/\/drerolaltuntop.com\/de\/wp-json\/wp\/v2\/pages\/65156","targetHints":{"allow":["GET"]}}],"collection":[{"href":"https:\/\/drerolaltuntop.com\/de\/wp-json\/wp\/v2\/pages"}],"about":[{"href":"https:\/\/drerolaltuntop.com\/de\/wp-json\/wp\/v2\/types\/page"}],"author":[{"embeddable":true,"href":"https:\/\/drerolaltuntop.com\/de\/wp-json\/wp\/v2\/users\/1"}],"replies":[{"embeddable":true,"href":"https:\/\/drerolaltuntop.com\/de\/wp-json\/wp\/v2\/comments?post=65156"}],"version-history":[{"count":1,"href":"https:\/\/drerolaltuntop.com\/de\/wp-json\/wp\/v2\/pages\/65156\/revisions"}],"predecessor-version":[{"id":65157,"href":"https:\/\/drerolaltuntop.com\/de\/wp-json\/wp\/v2\/pages\/65156\/revisions\/65157"}],"wp:attachment":[{"href":"https:\/\/drerolaltuntop.com\/de\/wp-json\/wp\/v2\/media?parent=65156"}],"curies":[{"name":"wp","href":"https:\/\/api.w.org\/{rel}","templated":true}]}}