{"id":65154,"date":"2024-07-15T11:03:00","date_gmt":"2024-07-15T08:03:00","guid":{"rendered":"https:\/\/drerolaltuntop.com\/startseite\/"},"modified":"2025-08-06T23:54:11","modified_gmt":"2025-08-06T20:54:11","slug":"startseite","status":"publish","type":"page","link":"https:\/\/drerolaltuntop.com\/de\/","title":{"rendered":"Startseite"},"content":{"rendered":"\t\t<div data-elementor-type=\"wp-page\" data-elementor-id=\"65154\" class=\"elementor elementor-65154 elementor-63917\">\n\t\t\t\t\t\t<section class=\"elementor-section elementor-top-section elementor-element elementor-element-1e149215 elementor-section-content-middle elementor-section-stretched elementor-section-boxed elementor-section-height-default elementor-section-height-default\" data-id=\"1e149215\" data-element_type=\"section\" data-settings=\"{&quot;stretch_section&quot;:&quot;section-stretched&quot;,&quot;background_background&quot;:&quot;classic&quot;}\">\n\t\t\t\t\t\t<div class=\"elementor-container elementor-column-gap-extended\">\n\t\t\t\t\t<div class=\"elementor-column elementor-col-50 elementor-top-column elementor-element elementor-element-311aa87f\" data-id=\"311aa87f\" data-element_type=\"column\">\n\t\t\t<div class=\"elementor-widget-wrap elementor-element-populated\">\n\t\t\t\t\t\t<div class=\"elementor-element elementor-element-46bdecd1 cea-align-left elementor-invisible elementor-widget elementor-widget-ceasectiontitle\" data-id=\"46bdecd1\" data-element_type=\"widget\" data-settings=\"{&quot;_animation&quot;:&quot;fadeInUp&quot;}\" data-widget_type=\"ceasectiontitle.default\">\n\t\t\t\t<div class=\"elementor-widget-container\">\n\t\t\t\t\t<div class=\"section-title-wrapper\"><div class=\"title-wrap\"><h6 class=\"sub-title\"><span class=\"subtitle-dots\">\u00dcber uns<\/span><\/h6><h2 class=\"section-title\">Dr. Erol Altuntop<\/h2><\/div><!-- .title-wrap --><div class=\"section-description\"><p class=\"section-content\">Dr. Erol Altuntop\nNachdem er seine Grundschule an der Bolu Abant Grundschule und seine weiterf\u00fchrende Schulbildung in Istanbul abgeschlossen hatte, absolvierte Dr. Erol Altuntop sein Hochschulstudium an der medizinischen Fakult\u00e4t der Universit\u00e4t Trakya und erhielt den Titel \u201eFacharzt f\u00fcr Medizin\u201c.\nEr arbeitete eine Zeit lang in verschiedenen Einrichtungen und Institutionen des t\u00fcrkischen Gesundheitsministeriums. Im Jahr 2005 absolvierte er mit Genehmigung des Gesundheitsministeriums seine Ausbildung im Bereich der \u00c4sthetischen Medizin und erhielt die Zulassung, als Arzt f\u00fcr \u00c4sthetische Medizin t\u00e4tig zu sein. Im Jahr 2007 absolvierte er an der medizinischen Fakult\u00e4t der Yeditepe Universit\u00e4t eine Ausbildung in Akupunkturbehandlungen und bestand erfolgreich die Pr\u00fcfungen des Gesundheitsministeriums, woraufhin er die offizielle Zulassung zur Durchf\u00fchrung von Akupunkturbehandlungen erhielt.\nSeit diesem Jahr arbeitete er als Arzt f\u00fcr \u00c4sthetische Medizin in zahlreichen Gesundheitseinrichtungen, Kliniken und medizinischen Zentren.\nEr absolvierte au\u00dferdem erfolgreich eine Ausbildung in Ozontherapie \u2013 einer der im Rahmen der vom Gesundheitsministerium erlassenen GETAT-Verordnung anerkannten Behandlungsformen \u2013 und erhielt die offizielle Genehmigung zur Anwendung von Ozontherapien.\nIn vielen Kliniken und medizinischen Zentren war er zudem als verantwortlicher Leiter im Bereich Haartransplantation und Haarbehandlungen t\u00e4tig.\nEr hat an zahlreichen nationalen und internationalen Kongressen und Seminaren teilgenommen.\nSeit 2021 bietet er in seiner eigenen Privatklinik Behandlungen im Bereich der \u00e4sthetischen Medizin an.<\/p><\/div><!-- .section-description --><\/div><!-- .section-title-wrapper -->\t\t\t\t<\/div>\n\t\t\t\t<\/div>\n\t\t\t\t<div class=\"elementor-element elementor-element-7f7da4fc elementor-widget elementor-widget-ceabutton\" data-id=\"7f7da4fc\" data-element_type=\"widget\" data-widget_type=\"ceabutton.default\">\n\t\t\t\t<div class=\"elementor-widget-container cea-button-wrapper\">\r\n\t\t\t\t\t<div class=\"cea-button-wrapper\">\r\n\t\t\t<a href=\"https:\/\/drerolaltuntop.com\/iletisim\" class=\"cea-button-link elementor-button cea-button elementor-size-sm\">\r\n\t\t\t\t\t\t<span class=\"cea-button-content-wrapper\">\r\n\t\t\t\t\t\t<span class=\"cea-button-icon cea-align-icon-right\">\r\n\t\t\t\t<i aria-hidden=\"true\" class=\" bi-arrow-up-right\"><\/i>\t\t\t<\/span>\r\n\t\t\t\t\t\t<span class=\"cea-button-text\">Kontakt<\/span>\r\n\t\t<\/span>\r\n\t\t\t\t\t<\/a>\r\n\t\t<\/div>\r\n\t\t\t\t<\/div>\r\n\t\t\t\t<\/div>\n\t\t\t\t\t<\/div>\n\t\t<\/div>\n\t\t\t\t<div class=\"elementor-column elementor-col-50 elementor-top-column elementor-element elementor-element-223e393 round-infoboxes\" data-id=\"223e393\" data-element_type=\"column\">\n\t\t\t<div class=\"elementor-widget-wrap elementor-element-populated\">\n\t\t\t\t\t\t<div class=\"elementor-element elementor-element-1de6a2c6 elementor-invisible elementor-widget elementor-widget-image\" data-id=\"1de6a2c6\" data-element_type=\"widget\" data-settings=\"{&quot;_animation&quot;:&quot;fadeInUp&quot;}\" data-widget_type=\"image.default\">\n\t\t\t\t<div class=\"elementor-widget-container\">\n\t\t\t\t\t\t\t\t\t\t\t\t\t\t\t<img decoding=\"async\" src=\"https:\/\/drerolaltuntop.com\/wp-content\/uploads\/elementor\/thumbs\/WhatsApp-Image-2025-08-06-at-22.22.06-r9vfiurje0detc3tg2cae5ttsfuad5id91jktu0lfc.jpeg\" title=\"WhatsApp Image 2025-08-06 at 22.22.06\" alt=\"WhatsApp Image 2025-08-06 at 22.22.06\" loading=\"lazy\" \/>\t\t\t\t\t\t\t\t\t\t\t\t\t\t\t<\/div>\n\t\t\t\t<\/div>\n\t\t\t\t\t<\/div>\n\t\t<\/div>\n\t\t\t\t\t<\/div>\n\t\t<\/section>\n\t\t\t\t<section class=\"elementor-section elementor-top-section elementor-element elementor-element-486474e5 elementor-section-stretched elementor-section-boxed elementor-section-height-default elementor-section-height-default\" data-id=\"486474e5\" data-element_type=\"section\" data-settings=\"{&quot;stretch_section&quot;:&quot;section-stretched&quot;,&quot;background_background&quot;:&quot;classic&quot;}\">\n\t\t\t\t\t\t<div class=\"elementor-container elementor-column-gap-default\">\n\t\t\t\t\t<div class=\"elementor-column elementor-col-100 elementor-top-column elementor-element elementor-element-6ba768fd\" data-id=\"6ba768fd\" data-element_type=\"column\">\n\t\t\t<div class=\"elementor-widget-wrap elementor-element-populated\">\n\t\t\t\t\t\t<section class=\"elementor-section elementor-inner-section elementor-element elementor-element-570d1f60 elementor-section-boxed elementor-section-height-default elementor-section-height-default\" data-id=\"570d1f60\" data-element_type=\"section\">\n\t\t\t\t\t\t<div class=\"elementor-container elementor-column-gap-default\">\n\t\t\t\t\t<div class=\"elementor-column elementor-col-33 elementor-inner-column elementor-element elementor-element-3cc24bad\" data-id=\"3cc24bad\" data-element_type=\"column\">\n\t\t\t<div class=\"elementor-widget-wrap elementor-element-populated\">\n\t\t\t\t\t\t<div class=\"elementor-element elementor-element-16901f08 cea-align-left elementor-invisible elementor-widget elementor-widget-ceasectiontitle\" data-id=\"16901f08\" data-element_type=\"widget\" data-settings=\"{&quot;_animation&quot;:&quot;fadeInUp&quot;}\" data-widget_type=\"ceasectiontitle.default\">\n\t\t\t\t<div class=\"elementor-widget-container\">\n\t\t\t\t\t<div class=\"section-title-wrapper\"><div class=\"title-wrap\"><div class=\"sub-title\"><span class=\"subtitle-dots\">Unsere Behandlungen<\/span><\/div><h2 class=\"section-title\"><\/h2><\/div><!-- .title-wrap --><div class=\"section-description\"><p class=\"section-content\">Unsere medizinisch-\u00e4sthetischen Behandlungen k\u00f6nnen Sie in diesem Bereich einsehen oder \u00fcber die Schaltfl\u00e4che unten detaillierte Informationen zu all unseren Anwendungen abrufen.<\/p><\/div><!-- .section-description --><\/div><!-- .section-title-wrapper -->\t\t\t\t<\/div>\n\t\t\t\t<\/div>\n\t\t\t\t<div class=\"elementor-element elementor-element-41582e20 elementor-invisible elementor-widget elementor-widget-ceabutton\" data-id=\"41582e20\" data-element_type=\"widget\" data-settings=\"{&quot;_animation&quot;:&quot;fadeInUp&quot;}\" data-widget_type=\"ceabutton.default\">\n\t\t\t\t<div class=\"elementor-widget-container cea-button-wrapper\">\r\n\t\t\t\t\t<div class=\"cea-button-wrapper\">\r\n\t\t\t<a href=\"https:\/\/drerolaltuntop.com\/hizmetlerimiz\/\" class=\"cea-button-link elementor-button cea-button elementor-size-sm\">\r\n\t\t\t\t\t\t<span class=\"cea-button-content-wrapper\">\r\n\t\t\t\t\t\t<span class=\"cea-button-icon cea-align-icon-right\">\r\n\t\t\t\t<i aria-hidden=\"true\" class=\" bi-arrow-up-right\"><\/i>\t\t\t<\/span>\r\n\t\t\t\t\t\t<span class=\"cea-button-text\">Unsere Behandlungen<\/span>\r\n\t\t<\/span>\r\n\t\t\t\t\t<\/a>\r\n\t\t<\/div>\r\n\t\t\t\t<\/div>\r\n\t\t\t\t<\/div>\n\t\t\t\t\t<\/div>\n\t\t<\/div>\n\t\t\t\t<div class=\"elementor-column elementor-col-33 elementor-inner-column elementor-element elementor-element-1efb5f46\" data-id=\"1efb5f46\" data-element_type=\"column\">\n\t\t\t<div class=\"elementor-widget-wrap elementor-element-populated\">\n\t\t\t\t\t\t<div class=\"elementor-element elementor-element-28f074c6 cus-feat cea-view-default elementor-widget elementor-widget-ceafeaturebox\" data-id=\"28f074c6\" data-element_type=\"widget\" data-widget_type=\"ceafeaturebox.default\">\n\t\t\t\t<div class=\"elementor-widget-container feature-box-wrapper feature-box-default\">\n\t\t\t<div class=\"feature-box-inner\"><h4 class=\"feature-box-title\">Botox-Anwendungen<\/h4><div class=\"fbox-content\">Botox-Anwendungen sind ein sicheres und effektives medizinisch-\u00e4sthetisches Verfahren, das durch die vor\u00fcbergehende Entspannung der mimischen Muskeln Falten reduziert. Sie werden zur Gesichtsverj\u00fcngung, zur Behandlung \u00fcberm\u00e4\u00dfigen Schwitzens sowie zur Linderung von Migr\u00e4ne und anderen medizinischen Beschwerden eingesetzt.<\/div>\t\t\t\t<div class=\"cea-button-wrapper\">\n\t\t\t\t\t<a href=\"https:\/\/drerolaltuntop.com\/hizmetlerimiz\/\" class=\"cea-button-link elementor-button cea-button elementor-size-md\">\n\t\t\t\t\t\t\t\t<span class=\"cea-button-content-wrapper\">\n\t\t\t\t\t\t<span class=\"cea-button-icon cea-align-icon-left\">\n\t\t\t\t<i aria-hidden=\"true\" class=\" bi-arrow-right\"><\/i>\t\t\t<\/span>\n\t\t\t\t\t\t<span class=\"cea-button-text\"><\/span>\n\t\t<\/span>\n\t\t\t\t\t\t\t<\/a>\n\t\t\t\t<\/div>\n\t\t\t\t<\/div>\t\t<\/div>\n\t\t\t\t<\/div>\n\t\t\t\t\t<\/div>\n\t\t<\/div>\n\t\t\t\t<div class=\"elementor-column elementor-col-33 elementor-inner-column elementor-element elementor-element-3543823b\" data-id=\"3543823b\" data-element_type=\"column\">\n\t\t\t<div class=\"elementor-widget-wrap elementor-element-populated\">\n\t\t\t\t\t\t<div class=\"elementor-element elementor-element-6b99eadf cus-feat cea-view-default elementor-widget elementor-widget-ceafeaturebox\" data-id=\"6b99eadf\" data-element_type=\"widget\" data-widget_type=\"ceafeaturebox.default\">\n\t\t\t\t<div class=\"elementor-widget-container feature-box-wrapper feature-box-default\">\n\t\t\t<div class=\"feature-box-inner\"><h4 class=\"feature-box-title\">Filler-Anwendungen<\/h4><div class=\"fbox-content\">Die Filler-Behandlung ist eine effektive medizinisch-\u00e4sthetische Methode, die zur Reduzierung von Falten, zum Ausgleich von Volumenverlusten und zur Verj\u00fcngung der Gesichtsz\u00fcge eingesetzt wird, um ein volleres und \u00e4sthetisch ansprechenderes Erscheinungsbild zu erzielen.<\/div>\t\t\t\t<div class=\"cea-button-wrapper\">\n\t\t\t\t\t<a href=\"https:\/\/drerolaltuntop.com\/hizmetlerimiz\/\" class=\"cea-button-link elementor-button cea-button elementor-size-md\">\n\t\t\t\t\t\t\t\t<span class=\"cea-button-content-wrapper\">\n\t\t\t\t\t\t<span class=\"cea-button-icon cea-align-icon-left\">\n\t\t\t\t<i aria-hidden=\"true\" class=\" bi-arrow-right\"><\/i>\t\t\t<\/span>\n\t\t\t\t\t\t<span class=\"cea-button-text\"><\/span>\n\t\t<\/span>\n\t\t\t\t\t\t\t<\/a>\n\t\t\t\t<\/div>\n\t\t\t\t<\/div>\t\t<\/div>\n\t\t\t\t<\/div>\n\t\t\t\t\t<\/div>\n\t\t<\/div>\n\t\t\t\t\t<\/div>\n\t\t<\/section>\n\t\t\t\t<section class=\"elementor-section elementor-inner-section elementor-element elementor-element-44782671 elementor-section-boxed elementor-section-height-default elementor-section-height-default\" data-id=\"44782671\" data-element_type=\"section\">\n\t\t\t\t\t\t<div class=\"elementor-container elementor-column-gap-default\">\n\t\t\t\t\t<div class=\"elementor-column elementor-col-33 elementor-inner-column elementor-element elementor-element-1db83fe2\" data-id=\"1db83fe2\" data-element_type=\"column\">\n\t\t\t<div class=\"elementor-widget-wrap elementor-element-populated\">\n\t\t\t\t\t\t<div class=\"elementor-element elementor-element-2eb9268a cus-feat cea-view-default elementor-widget elementor-widget-ceafeaturebox\" data-id=\"2eb9268a\" data-element_type=\"widget\" data-widget_type=\"ceafeaturebox.default\">\n\t\t\t\t<div class=\"elementor-widget-container feature-box-wrapper feature-box-default\">\n\t\t\t<div class=\"feature-box-inner\"><h4 class=\"feature-box-title\">Hautverj\u00fcngung<\/h4><div class=\"fbox-content\">Hautverj\u00fcngung ist eine umfassende Behandlung, die die Elastizit\u00e4t der Haut erh\u00f6ht und Falten, Pigmentflecken sowie Anzeichen der Hautalterung reduziert. Sie umfasst verschiedene medizinisch-\u00e4sthetische Methoden wie Laser, Mesotherapie, PRP, chemisches Peeling und Mikroneedling.<\/div>\t\t\t\t<div class=\"cea-button-wrapper\">\n\t\t\t\t\t<a href=\"https:\/\/drerolaltuntop.com\/hizmetlerimiz\/\" class=\"cea-button-link elementor-button cea-button elementor-size-md\">\n\t\t\t\t\t\t\t\t<span class=\"cea-button-content-wrapper\">\n\t\t\t\t\t\t<span class=\"cea-button-icon cea-align-icon-left\">\n\t\t\t\t<i aria-hidden=\"true\" class=\" bi-arrow-right\"><\/i>\t\t\t<\/span>\n\t\t\t\t\t\t<span class=\"cea-button-text\"><\/span>\n\t\t<\/span>\n\t\t\t\t\t\t\t<\/a>\n\t\t\t\t<\/div>\n\t\t\t\t<\/div>\t\t<\/div>\n\t\t\t\t<\/div>\n\t\t\t\t\t<\/div>\n\t\t<\/div>\n\t\t\t\t<div class=\"elementor-column elementor-col-33 elementor-inner-column elementor-element elementor-element-7ad924d2\" data-id=\"7ad924d2\" data-element_type=\"column\">\n\t\t\t<div class=\"elementor-widget-wrap elementor-element-populated\">\n\t\t\t\t\t\t<div class=\"elementor-element elementor-element-144adbca cus-feat cea-view-default elementor-widget elementor-widget-ceafeaturebox\" data-id=\"144adbca\" data-element_type=\"widget\" data-widget_type=\"ceafeaturebox.default\">\n\t\t\t\t<div class=\"elementor-widget-container feature-box-wrapper feature-box-default\">\n\t\t\t<div class=\"feature-box-inner\"><h4 class=\"feature-box-title\">Ozontherapie <\/h4><div class=\"fbox-content\">Die Ozontherapie ist eine nat\u00fcrliche Behandlungsmethode, bei der Ozon, eine aktive Form von Sauerstoff, dem K\u00f6rper zugef\u00fchrt wird. Sie st\u00e4rkt das Immunsystem, unterst\u00fctzt die Zellregeneration, bietet antioxidative Wirkungen und wird in vielen medizinischen und \u00e4sthetischen Bereichen eingesetzt, darunter chronische M\u00fcdigkeit, Infektionen und Hautverj\u00fcngung.<\/div>\t\t\t\t<div class=\"cea-button-wrapper\">\n\t\t\t\t\t<a href=\"https:\/\/drerolaltuntop.com\/hizmetlerimiz\/\" class=\"cea-button-link elementor-button cea-button elementor-size-md\">\n\t\t\t\t\t\t\t\t<span class=\"cea-button-content-wrapper\">\n\t\t\t\t\t\t<span class=\"cea-button-icon cea-align-icon-left\">\n\t\t\t\t<i aria-hidden=\"true\" class=\" bi-arrow-right\"><\/i>\t\t\t<\/span>\n\t\t\t\t\t\t<span class=\"cea-button-text\"><\/span>\n\t\t<\/span>\n\t\t\t\t\t\t\t<\/a>\n\t\t\t\t<\/div>\n\t\t\t\t<\/div>\t\t<\/div>\n\t\t\t\t<\/div>\n\t\t\t\t\t<\/div>\n\t\t<\/div>\n\t\t\t\t<div class=\"elementor-column elementor-col-33 elementor-inner-column elementor-element elementor-element-c596a9b\" data-id=\"c596a9b\" data-element_type=\"column\">\n\t\t\t<div class=\"elementor-widget-wrap elementor-element-populated\">\n\t\t\t\t\t\t<div class=\"elementor-element elementor-element-5541bfac cus-feat cea-view-default elementor-widget elementor-widget-ceafeaturebox\" data-id=\"5541bfac\" data-element_type=\"widget\" data-widget_type=\"ceafeaturebox.default\">\n\t\t\t\t<div class=\"elementor-widget-container feature-box-wrapper feature-box-default\">\n\t\t\t<div class=\"feature-box-inner\"><h4 class=\"feature-box-title\">Anti-Aging<\/h4><div class=\"fbox-content\">Anti-Aging ist ein umfassender Ansatz, der Botox, Filler, Mesotherapie, PRP, Laserbehandlungen und gesunde Lebensgewohnheiten umfasst, um die Zeichen der Hautalterung zu verz\u00f6gern, die Hautelastizit\u00e4t zu verbessern und ein jugendliches Aussehen zu erhalten.<\/div>\t\t\t\t<div class=\"cea-button-wrapper\">\n\t\t\t\t\t<a href=\"https:\/\/drerolaltuntop.com\/hizmetlerimiz\/\" class=\"cea-button-link elementor-button cea-button elementor-size-md\">\n\t\t\t\t\t\t\t\t<span class=\"cea-button-content-wrapper\">\n\t\t\t\t\t\t<span class=\"cea-button-icon cea-align-icon-left\">\n\t\t\t\t<i aria-hidden=\"true\" class=\" bi-arrow-right\"><\/i>\t\t\t<\/span>\n\t\t\t\t\t\t<span class=\"cea-button-text\"><\/span>\n\t\t<\/span>\n\t\t\t\t\t\t\t<\/a>\n\t\t\t\t<\/div>\n\t\t\t\t<\/div>\t\t<\/div>\n\t\t\t\t<\/div>\n\t\t\t\t\t<\/div>\n\t\t<\/div>\n\t\t\t\t\t<\/div>\n\t\t<\/section>\n\t\t\t\t\t<\/div>\n\t\t<\/div>\n\t\t\t\t\t<\/div>\n\t\t<\/section>\n\t\t\t\t<section class=\"elementor-section elementor-top-section elementor-element elementor-element-28dbf192 elementor-section-stretched elementor-section-boxed elementor-section-height-default elementor-section-height-default\" data-id=\"28dbf192\" data-element_type=\"section\" data-settings=\"{&quot;stretch_section&quot;:&quot;section-stretched&quot;,&quot;background_background&quot;:&quot;classic&quot;}\">\n\t\t\t\t\t\t\t<div class=\"elementor-background-overlay\"><\/div>\n\t\t\t\t\t\t\t<div class=\"elementor-container elementor-column-gap-wide\">\n\t\t\t\t\t<div class=\"elementor-column elementor-col-100 elementor-top-column elementor-element elementor-element-1d28604a\" data-id=\"1d28604a\" data-element_type=\"column\">\n\t\t\t<div class=\"elementor-widget-wrap elementor-element-populated\">\n\t\t\t\t\t\t<section class=\"elementor-section elementor-inner-section elementor-element elementor-element-2325de94 elementor-section-boxed elementor-section-height-default elementor-section-height-default\" data-id=\"2325de94\" data-element_type=\"section\" data-settings=\"{&quot;background_background&quot;:&quot;classic&quot;}\">\n\t\t\t\t\t\t\t<div class=\"elementor-background-overlay\"><\/div>\n\t\t\t\t\t\t\t<div class=\"elementor-container elementor-column-gap-default\">\n\t\t\t\t\t<div class=\"elementor-column elementor-col-100 elementor-inner-column elementor-element elementor-element-7601850e\" data-id=\"7601850e\" data-element_type=\"column\">\n\t\t\t<div class=\"elementor-widget-wrap elementor-element-populated\">\n\t\t\t\t\t\t<div class=\"elementor-element elementor-element-46603834 cea-align-center elementor-invisible elementor-widget elementor-widget-ceasectiontitle\" data-id=\"46603834\" data-element_type=\"widget\" data-settings=\"{&quot;_animation&quot;:&quot;fadeInUp&quot;}\" data-widget_type=\"ceasectiontitle.default\">\n\t\t\t\t<div class=\"elementor-widget-container\">\n\t\t\t\t\t<div class=\"section-title-wrapper\"><div class=\"title-wrap\"><div class=\"sub-title\"><span class=\"subtitle-dots\">Unsere Mission<\/span><\/div><h2 class=\"section-title\"><\/h2><\/div><!-- .title-wrap --><div class=\"section-description\"><\/div><!-- .section-description --><\/div><!-- .section-title-wrapper -->\t\t\t\t<\/div>\n\t\t\t\t<\/div>\n\t\t\t\t<div class=\"elementor-element elementor-element-374a058d elementor-widget elementor-widget-heading\" data-id=\"374a058d\" data-element_type=\"widget\" data-widget_type=\"heading.default\">\n\t\t\t\t<div class=\"elementor-widget-container\">\n\t\t\t\t\t<h2 class=\"elementor-heading-title elementor-size-default\">Es ist unsere Mission, die nat\u00fcrliche Sch\u00f6nheit unserer Patienten zu bewahren und zu f\u00f6rdern, die Zeichen der Hautalterung zu verz\u00f6gern, die Hautgesundheit zu unterst\u00fctzen und den Einzelnen sichere, gesunde und ma\u00dfgeschneiderte \u00e4sthetische L\u00f6sungen anzubieten, um ihre Lebensqualit\u00e4t zu steigern \u2013 stets unter Einhaltung wissenschaftlicher und ethischer Prinzipien.<\/h2>\t\t\t\t<\/div>\n\t\t\t\t<\/div>\n\t\t\t\t\t<\/div>\n\t\t<\/div>\n\t\t\t\t\t<\/div>\n\t\t<\/section>\n\t\t\t\t\t<\/div>\n\t\t<\/div>\n\t\t\t\t\t<\/div>\n\t\t<\/section>\n\t\t\t\t<\/div>\n\t\t","protected":false},"excerpt":{"rendered":"<p>\u00dcber uns Dr. Erol Altuntop Dr. Erol Altuntop Nachdem er seine Grundschule an der Bolu Abant Grundschule und seine weiterf\u00fchrende Schulbildung in Istanbul abgeschlossen hatte, absolvierte Dr. Erol Altuntop sein Hochschulstudium an der medizinischen Fakult\u00e4t der Universit\u00e4t Trakya und erhielt den Titel \u201eFacharzt f\u00fcr Medizin\u201c. Er arbeitete eine Zeit lang..<\/p>\n","protected":false},"author":1,"featured_media":0,"parent":0,"menu_order":0,"comment_status":"closed","ping_status":"closed","template":"","meta":{"footnotes":""},"class_list":["post-65154","page","type-page","status-publish","hentry"],"_links":{"self":[{"href":"https:\/\/drerolaltuntop.com\/de\/wp-json\/wp\/v2\/pages\/65154","targetHints":{"allow":["GET"]}}],"collection":[{"href":"https:\/\/drerolaltuntop.com\/de\/wp-json\/wp\/v2\/pages"}],"about":[{"href":"https:\/\/drerolaltuntop.com\/de\/wp-json\/wp\/v2\/types\/page"}],"author":[{"embeddable":true,"href":"https:\/\/drerolaltuntop.com\/de\/wp-json\/wp\/v2\/users\/1"}],"replies":[{"embeddable":true,"href":"https:\/\/drerolaltuntop.com\/de\/wp-json\/wp\/v2\/comments?post=65154"}],"version-history":[{"count":3,"href":"https:\/\/drerolaltuntop.com\/de\/wp-json\/wp\/v2\/pages\/65154\/revisions"}],"predecessor-version":[{"id":65326,"href":"https:\/\/drerolaltuntop.com\/de\/wp-json\/wp\/v2\/pages\/65154\/revisions\/65326"}],"wp:attachment":[{"href":"https:\/\/drerolaltuntop.com\/de\/wp-json\/wp\/v2\/media?parent=65154"}],"curies":[{"name":"wp","href":"https:\/\/api.w.org\/{rel}","templated":true}]}}